{"id":18,"date":"2020-01-31T19:24:05","date_gmt":"2020-01-31T19:24:05","guid":{"rendered":"https:\/\/chairematernite.ca\/?page_id=18"},"modified":"2021-02-02T20:40:31","modified_gmt":"2021-02-02T20:40:31","slug":"comite-scientifique","status":"publish","type":"page","link":"https:\/\/chairematernite.ca\/en\/comite-scientifique\/","title":{"rendered":"SCIENTIFIC COMMITTEE"},"content":{"rendered":"<p>CO-CHAIRS<\/p>\n\n\n\n<p>Marie-Marthe Cousineau \u2013 \u00c9cole de criminologie (FAS)<\/p>\n\n\n\n<p>Fran\u00e7ois-Joseph Lapointe \u2013 D\u00e9partement de sciences biologiques (FAS)<\/p>\n\n\n\n<p>Vardit Ravitsky \u2013 D\u00e9partement de m\u00e9decine sociale et pr\u00e9ventive (ESPUM)<\/p>\n\n\n\n<div style=\"height:30px\" aria-hidden=\"true\" class=\"wp-block-spacer\"><\/div>\n\n\n\n<p><\/p>\n\n\n\n<p>COLLABORATOR<\/p>\n\n\n\n<p>Myriam&nbsp;Barriault-Fortin&nbsp;&nbsp;\u2013&nbsp;Centre d\u2019exposition de l\u2019Universit\u00e9 de&nbsp;Montr\u00e9al (CEUM)<\/p>\n\n\n\n<div style=\"height:30px\" aria-hidden=\"true\" class=\"wp-block-spacer\"><\/div>\n\n\n\n<p><\/p>\n\n\n\n<p>INTERN EXPERT<\/p>\n\n\n\n<p>Antoine&nbsp;Payot \u2013 Facult\u00e9 de m\u00e9decine (UdeM)<\/p>\n\n\n\n<div style=\"height:30px\" aria-hidden=\"true\" class=\"wp-block-spacer\"><\/div>\n\n\n\n<p><\/p>\n\n\n\n<p>EXTERNAL EXPERTS<\/p>\n\n\n\n<p>Raymonde Gagnon \u2013 D\u00e9partement de Sage femmes (UQTR)<\/p>\n\n\n\n<p>Sylvie L\u00e9vesque \u2013 D\u00e9partement de sexologie (UQAM)<\/p>\n\n\n\n<p>Monique&nbsp;R\u00e9gimbald-Zeiber \u2013 \u00c9cole des arts visuels&nbsp;(UQAM)<\/p>\n\n\n\n<div style=\"height:30px\" aria-hidden=\"true\" class=\"wp-block-spacer\"><\/div>\n\n\n\n<p>Mich\u00e8le Bouchard \u2013 Vice-doyenne (ESPUM)<\/p>\n\n\n\n<p>S\u00e9bastien\u00a0Sauv\u00e9 \u2013 Vice-doyen (FAS)<\/p>","protected":false},"excerpt":{"rendered":"<p>COTITULAIRES Marie-Marthe Cousineau \u2013 \u00c9cole de criminologie (FAS) Fran\u00e7ois-Joseph Lapointe \u2013 D\u00e9partement de sciences biologiques (FAS) Vardit Ravitsky \u2013 D\u00e9partement de m\u00e9decine sociale et pr\u00e9ventive (ESPUM) COLLABORATRICE Myriam&nbsp;Barriault-Fortin&nbsp;&nbsp;\u2013&nbsp;Centre d\u2019exposition de l\u2019Universit\u00e9 de&nbsp;Montr\u00e9al (CEUM) EXPERT INTERNE Antoine&nbsp;Payot \u2013 Facult\u00e9 de m\u00e9decine (UdeM) EXPERTS EXTERNES Raymonde Gagnon \u2013 D\u00e9partement de Sage femmes (UQTR) Sylvie L\u00e9vesque \u2013 D\u00e9partement &hellip; <\/p>\n<p class=\"link-more\"><a href=\"https:\/\/chairematernite.ca\/en\/comite-scientifique\/\" class=\"more-link\">Continue reading<span class=\"screen-reader-text\"> \u00ab\u00a0Comit\u00e9 scientifique\u00a0\u00bb<\/span><\/a><\/p>","protected":false},"author":1,"featured_media":0,"parent":0,"menu_order":0,"comment_status":"closed","ping_status":"closed","template":"","meta":{"footnotes":""},"class_list":["post-18","page","type-page","status-publish","hentry"],"_links":{"self":[{"href":"https:\/\/chairematernite.ca\/en\/wp-json\/wp\/v2\/pages\/18","targetHints":{"allow":["GET"]}}],"collection":[{"href":"https:\/\/chairematernite.ca\/en\/wp-json\/wp\/v2\/pages"}],"about":[{"href":"https:\/\/chairematernite.ca\/en\/wp-json\/wp\/v2\/types\/page"}],"author":[{"embeddable":true,"href":"https:\/\/chairematernite.ca\/en\/wp-json\/wp\/v2\/users\/1"}],"replies":[{"embeddable":true,"href":"https:\/\/chairematernite.ca\/en\/wp-json\/wp\/v2\/comments?post=18"}],"version-history":[{"count":15,"href":"https:\/\/chairematernite.ca\/en\/wp-json\/wp\/v2\/pages\/18\/revisions"}],"predecessor-version":[{"id":775,"href":"https:\/\/chairematernite.ca\/en\/wp-json\/wp\/v2\/pages\/18\/revisions\/775"}],"wp:attachment":[{"href":"https:\/\/chairematernite.ca\/en\/wp-json\/wp\/v2\/media?parent=18"}],"curies":[{"name":"wp","href":"https:\/\/api.w.org\/{rel}","templated":true}]}}