{"id":28,"date":"2020-01-31T19:32:15","date_gmt":"2020-01-31T19:32:15","guid":{"rendered":"https:\/\/chairematernite.ca\/?page_id=28"},"modified":"2021-03-08T16:59:10","modified_gmt":"2021-03-08T16:59:10","slug":"coordination","status":"publish","type":"page","link":"https:\/\/chairematernite.ca\/en\/coordination\/","title":{"rendered":"COORDINATION AND CURATION"},"content":{"rendered":"<h3 class=\"wp-block-heading\">Marianne Cloutier<\/h3>\n\n\n\n<figure class=\"wp-block-image size-large is-resized\"><img loading=\"lazy\" decoding=\"async\" src=\"https:\/\/chairematernite.ca\/wp-content\/uploads\/2021\/03\/MarianneCloutier-rotated-e1615222670235-837x1024.jpg\" alt=\"\" class=\"wp-image-801\" width=\"300\" height=\"366\" srcset=\"https:\/\/chairematernite.ca\/wp-content\/uploads\/2021\/03\/MarianneCloutier-rotated-e1615222670235-837x1024.jpg 837w, https:\/\/chairematernite.ca\/wp-content\/uploads\/2021\/03\/MarianneCloutier-rotated-e1615222670235-245x300.jpg 245w, https:\/\/chairematernite.ca\/wp-content\/uploads\/2021\/03\/MarianneCloutier-rotated-e1615222670235-768x939.jpg 768w, https:\/\/chairematernite.ca\/wp-content\/uploads\/2021\/03\/MarianneCloutier-rotated-e1615222670235.jpg 905w\" sizes=\"auto, (max-width: 300px) 100vw, 300px\" \/><\/figure>\n\n\n\n<p class=\"translation-block\">After completing a PhD in art history on the conceptualization of identity and the human figure in bioart, Marianne Cloutier pursued post-doctoral training at the Department of biological sciences, Universit\u00e9 de Montr\u00e9al. From 2016 to 2018, she participated in a concerted action by the Fonds de recherche du Qu\u00e9bec (FRQ) on responsible conduct in research-creation. She is co-author of a guide on the CRRC issues. She was also co-curator of the Art + Bio\u00e9thique exhibition (Galerie Espace Projet, 2016). She teaches art history and research-creation approaches at the University of Montreal and at the Universit\u00e9 du Qu\u00e9bec \u00e0 Montreal.<\/p>\n\n\n\n<p><\/p>","protected":false},"excerpt":{"rendered":"<p>Marianne Cloutier D\u00e9tentrice d\u2019un doctorat en histoire de l\u2019art portant sur la conceptualisation de l\u2019identit\u00e9 et la figure de l\u2019\u00eatre humain dans le bioart, Marianne Cloutier a r\u00e9alis\u00e9 un post-doctorat au d\u00e9partement de sciences biologiques de l\u2019Universit\u00e9 de Montr\u00e9al. De 2016 \u00e0 2018, elle a particip\u00e9 \u00e0 une action concert\u00e9e des Fonds de recherche du &hellip; <\/p>\n<p class=\"link-more\"><a href=\"https:\/\/chairematernite.ca\/en\/coordination\/\" class=\"more-link\">Continue reading<span class=\"screen-reader-text\"> \u00ab\u00a0Coordination et commissariat\u00a0\u00bb<\/span><\/a><\/p>","protected":false},"author":1,"featured_media":0,"parent":0,"menu_order":0,"comment_status":"closed","ping_status":"closed","template":"","meta":{"footnotes":""},"class_list":["post-28","page","type-page","status-publish","hentry"],"_links":{"self":[{"href":"https:\/\/chairematernite.ca\/en\/wp-json\/wp\/v2\/pages\/28","targetHints":{"allow":["GET"]}}],"collection":[{"href":"https:\/\/chairematernite.ca\/en\/wp-json\/wp\/v2\/pages"}],"about":[{"href":"https:\/\/chairematernite.ca\/en\/wp-json\/wp\/v2\/types\/page"}],"author":[{"embeddable":true,"href":"https:\/\/chairematernite.ca\/en\/wp-json\/wp\/v2\/users\/1"}],"replies":[{"embeddable":true,"href":"https:\/\/chairematernite.ca\/en\/wp-json\/wp\/v2\/comments?post=28"}],"version-history":[{"count":24,"href":"https:\/\/chairematernite.ca\/en\/wp-json\/wp\/v2\/pages\/28\/revisions"}],"predecessor-version":[{"id":807,"href":"https:\/\/chairematernite.ca\/en\/wp-json\/wp\/v2\/pages\/28\/revisions\/807"}],"wp:attachment":[{"href":"https:\/\/chairematernite.ca\/en\/wp-json\/wp\/v2\/media?parent=28"}],"curies":[{"name":"wp","href":"https:\/\/api.w.org\/{rel}","templated":true}]}}