{"id":316,"date":"2020-10-08T14:40:10","date_gmt":"2020-10-08T14:40:10","guid":{"rendered":"https:\/\/chairematernite.ca\/?page_id=316"},"modified":"2021-03-23T19:02:16","modified_gmt":"2021-03-23T19:02:16","slug":"ressources","status":"publish","type":"page","link":"https:\/\/chairematernite.ca\/en\/ressources\/","title":{"rendered":"Resources"},"content":{"rendered":"<div class=\"wp-block-group\"><div class=\"wp-block-group__inner-container is-layout-flow wp-block-group-is-layout-flow\">\n<h3 class=\"wp-block-heading\"><a rel=\"noreferrer noopener\" href=\"http:\/\/www.relevailles.com\" target=\"_blank\">Les Relevailles de Montr\u00e9al<\/a> || Cours, ateliers, rencontres, service \u00e0 domicile, consultations priv\u00e9es, soutien t\u00e9l\u00e9phonique, centre de documentation sp\u00e9cialis\u00e9<\/h3>\n\n\n\n<p>Contact : crp@mainbourg.org<br>T\u00e9l. : (514)-640-6741<\/p>\n\n\n\n<h3 class=\"wp-block-heading\"><a rel=\"noreferrer noopener\" href=\"http:\/\/www.maman-blues.fr\/\" target=\"_blank\">Maman blues<\/a> || T\u00e9moignages et de partage entre parents et futurs parents<\/h3>\n\n\n\n<h3 class=\"wp-block-heading\"><a rel=\"noreferrer noopener\" href=\"http:\/\/www.alternative-naissance.ca\" target=\"_blank\">Alternative Naissance || Organisme communautaire de soutien p\u00e9rinatal<\/a><\/h3>\n\n\n\n<p>Contact : <a href=\"mailto:info@alternative-naissance.ca\">info@alternative-naissance.ca<\/a><br>Tel. : (514) 274-1727<\/p>\n\n\n\n<h3 class=\"wp-block-heading\"><a rel=\"noreferrer noopener\" href=\"http:\/\/gynecopositive.com\/\" target=\"_blank\">Gyneco Positive<\/a> || Liste de professionnel.le.s qui ont une pratique positive, f\u00e9ministe et anti-oppressive de la gyn\u00e9cologie<\/h3>\n\n\n\n<p>Contact : <a href=\"http:\/\/gynecopositive.com\/\" target=\"_blank\" rel=\"noreferrer noopener\">http:\/\/gynecopositive.com\/<\/a><a href=\"\"><\/a><\/p>\n\n\n\n<h3 class=\"wp-block-heading\">La Maison Bleue || Maison sociale pour les femmes immigrantes<br><\/h3>\n\n\n\n<p>Contact Parc-extension&nbsp;:&nbsp;coordo.pex@maisonbleue.info<br>Contact C\u00f4te-des-neiges&nbsp;:&nbsp;coordo.cdn@maisonbleue.info<br>Contact Parc-extension&nbsp;:&nbsp;coordo.pex@maisonbleue.info<br>Contact Saint-Michel&nbsp;:&nbsp;coordo.stm@maisonbleue.info<br>Contact Verdun&nbsp;: manon.lapierre@maisonbleue.info<\/p>\n\n\n\n<div class=\"wp-block-group\"><div class=\"wp-block-group__inner-container is-layout-flow wp-block-group-is-layout-flow\">\n<p><\/p>\n<\/div><\/div>\n\n\n\n<h3 class=\"wp-block-heading\"><a rel=\"noreferrer noopener\" href=\"http:\/\/http :\/\/www.nwsm.info\/\" target=\"_blank\">Montreal Women\u2019s Shelter&nbsp;<\/a> || Services pour les femmes autochtones&nbsp;<br><\/h3>\n\n\n\n<p>Contact : nakuset@gmail.com&nbsp;<\/p>\n\n\n\n<h3 class=\"wp-block-heading\"><a rel=\"noreferrer noopener\" href=\"http:\/\/www.maisonelizabethhouse.com\" target=\"_blank\">Elizabeth House<\/a>   ||  Create the context for the best child , outcomes, focusing on parenting and life skills<\/h3>\n\n\n\n<p>Contact : info.maison.elizabeth@ssss.gouv.qc.ca<\/p>\n\n\n\n<h3 class=\"wp-block-heading\"><a rel=\"noreferrer noopener\" href=\"http:\/\/www.naissance-renaissance.qc.ca\" target=\"_blank\">Regroupement Naissance-Respect\u00e9es<\/a>&nbsp; ||  Organisme en d\u00e9fense des droits des femmes en p\u00e9rinatalit\u00e9<\/h3>\n\n\n\n<p>Contact : info@naissance-renaissance.qc.ca<\/p>\n\n\n\n<h3 class=\"wp-block-heading\"><a rel=\"noreferrer noopener\" href=\"http:\/\/www.montrealbirthcompanions.org\/\" target=\"_blank\">Montreal Birth Companions<\/a>  ||  Services gratuits de doula pour les r\u00e9fugi\u00e9es, les immigrantes et les femmes dans le besoin<\/h3>\n\n\n\n<p>Contact : <a href=\"http:\/\/www.montrealbirthcompanions.org\/\">Referral Information<\/a><\/p>\n\n\n\n<h3 class=\"wp-block-heading\"><a rel=\"noreferrer noopener\" href=\"http:\/\/www.batshaw.qc.ca\/fr\" target=\"_blank\">Centres de la jeunesse et de la famille Batshaw<\/a>  ||  Services psychosociaux, de r\u00e9adaptation et d\u2019int\u00e9gration sociale<\/h3>\n\n\n\n<p>Contact : <a href=\"http:\/\/www.batshaw.qc.ca\/fr\/node\/58\">http:\/\/www.batshaw.qc.ca\/fr\/node\/58<\/a><\/p>\n\n\n\n<h3 class=\"wp-block-heading\"><a rel=\"noreferrer noopener\" href=\"http:\/\/www.ometz.ca\" target=\"_blank\">Ometz<\/a>   || Organisme de bienfaisance qui offre une vaste gamme de services sociaux, scolaires, d\u2019emploi et d\u2019immigration pour aider les individus \u00e0 atteindre leur plein potentiel et assurer l&rsquo;essor et la vitalit\u00e9 de la communaut\u00e9 montr\u00e9alaise<\/h3>\n\n\n\n<p>Contact : <a rel=\"noreferrer noopener\" href=\"https:\/\/www.ometz.ca\/pour+nous+joindre\/\" target=\"_blank\">https:\/\/www.ometz.ca\/pour+nous+joindre\/<\/a><\/p>\n\n\n\n<h3 class=\"wp-block-heading\"><a rel=\"noreferrer noopener\" href=\"https:\/\/www.hgj.ca\/patients-et-visiteurs\/centre-de-ressources-pour-les-patients-et-leur-famille\/\" target=\"_blank\">H\u00f4pital Juif de Montr\u00e9al<\/a>  ||  <a rel=\"noreferrer noopener\" href=\"https:\/\/www.hgj.ca\/patients-et-visiteurs\/centre-de-ressources-pour-les-patients-et-leur-famille\/\" target=\"_blank\">Centre de ressources pour les patients et leur famille<\/a><\/h3>\n\n\n\n<p>Contact : Tel : 514-340-8222 #22438<\/p>\n<\/div><\/div>\n\n\n\n<h3 class=\"wp-block-heading\"><a href=\"http:\/\/aidons-lait.com\/\">Aidons-lait<\/a>  || Groupe d&rsquo;entraide et de soutien en allaitement maternel situ\u00e9 \u00e0 La Malbaie<\/h3>\n\n\n\n<p>T\u00e9l. : 418 665 7278<br>R\u00e9pondeur : 418 665 2975<br>Courriel : aidons-lait@bellnet.ca<\/p>\n\n\n\n<h3 class=\"wp-block-heading\"><a href=\"https:\/\/allaitement.ca\/\">Ligue La Leche<\/a>  || Organisme communautaire pour le soutien \u00e0 l&rsquo;allaitement<\/h3>\n\n\n\n<p>T\u00e9l. : 1 866 ALLAITE<br>Courriel : information@allaitement.ca<\/p>\n\n\n\n<p><\/p>\n\n\n\n<h3 class=\"wp-block-heading\">Psychologues sp\u00e9cialis\u00e9.e.s en p\u00e9rinatalit\u00e9<\/h3>\n\n\n\n<p>Cassandre B\u00e9langer-Legault, Doctorante (Rive-Nord)<br>Clinique psycho-Optimale de Laval<br>Tel :450.314.4086 | info@cpoptimale.ca<br><\/p>\n\n\n\n<p>Clinique de psychologie Ensemble<br>https:\/\/www.psyensemble.com<br><\/p>\n\n\n\n<p>Emmanuelle Robert, psychologue (Mtl)<br>350 boul Saint-Joseph E, Montr\u00e9al <br>T\u00e9l : 514 802-8980<br><\/p>\n\n\n\n<p>Julie Macherez, Doctorante (Mtl)<br>CFP Desjardins, Outremont<br>Tel : 514-549-1627<br><\/p>\n\n\n\n<p>Lory Z\u00e9phir, Doctorante (Rive-Sud)<br>Clinique St-Lambert <br>Tel : 514-995-4311<br>Contact : loryzephyr@cliniquestlambert.com<br><\/p>\n\n\n\n<p>Marie-Pierre Milcent (Mtl)<br>Centre de psychologie Lajeunesse<br>Tel : 514-996-4633<br><\/p>\n\n\n\n<p>Marion Fauconnier, Psychologue (Mtl)<br>1290, Van Horne, Outremont<br>Contact : psychologue.fauconnier@gmail.com<br><\/p>\n\n\n\n<p>Nicole Reeves, psychologue (Mtl)<br>4082 av Marcil, Montr\u00e9al<br>T\u00e9l : 514 712-2178<br><\/p>\n\n\n\n<p>St\u00e9phanie Goron, psychologue (Mtl)<br>520 rue Cherrier <br>T\u00e9l : 514 581-2405<br><\/p>\n\n\n\n<p>Val\u00e9rie Lamontagne, Psychologue (Laval)<br>218 boul des Laurentides Bureau 201, Laval<br>T\u00e9l : 514 622-9668<\/p>","protected":false},"excerpt":{"rendered":"<p>Les Relevailles de Montr\u00e9al || Cours, ateliers, rencontres, service \u00e0 domicile, consultations priv\u00e9es, soutien t\u00e9l\u00e9phonique, centre de documentation sp\u00e9cialis\u00e9 Contact : crp@mainbourg.orgT\u00e9l. : (514)-640-6741 Maman blues || T\u00e9moignages et de partage entre parents et futurs parents Alternative Naissance || Organisme communautaire de soutien p\u00e9rinatal Contact : info@alternative-naissance.caTel. : (514) 274-1727 Gyneco Positive || Liste de &hellip; <\/p>\n<p class=\"link-more\"><a href=\"https:\/\/chairematernite.ca\/en\/ressources\/\" class=\"more-link\">Continue reading<span class=\"screen-reader-text\"> \u00ab\u00a0Ressources\u00a0\u00bb<\/span><\/a><\/p>","protected":false},"author":3,"featured_media":0,"parent":0,"menu_order":0,"comment_status":"closed","ping_status":"closed","template":"","meta":{"footnotes":""},"class_list":["post-316","page","type-page","status-publish","hentry"],"_links":{"self":[{"href":"https:\/\/chairematernite.ca\/en\/wp-json\/wp\/v2\/pages\/316","targetHints":{"allow":["GET"]}}],"collection":[{"href":"https:\/\/chairematernite.ca\/en\/wp-json\/wp\/v2\/pages"}],"about":[{"href":"https:\/\/chairematernite.ca\/en\/wp-json\/wp\/v2\/types\/page"}],"author":[{"embeddable":true,"href":"https:\/\/chairematernite.ca\/en\/wp-json\/wp\/v2\/users\/3"}],"replies":[{"embeddable":true,"href":"https:\/\/chairematernite.ca\/en\/wp-json\/wp\/v2\/comments?post=316"}],"version-history":[{"count":51,"href":"https:\/\/chairematernite.ca\/en\/wp-json\/wp\/v2\/pages\/316\/revisions"}],"predecessor-version":[{"id":882,"href":"https:\/\/chairematernite.ca\/en\/wp-json\/wp\/v2\/pages\/316\/revisions\/882"}],"wp:attachment":[{"href":"https:\/\/chairematernite.ca\/en\/wp-json\/wp\/v2\/media?parent=316"}],"curies":[{"name":"wp","href":"https:\/\/api.w.org\/{rel}","templated":true}]}}