{"id":37,"date":"2020-01-31T19:37:12","date_gmt":"2020-01-31T19:37:12","guid":{"rendered":"https:\/\/chairematernite.ca\/?page_id=37"},"modified":"2021-03-09T16:59:09","modified_gmt":"2021-03-09T16:59:09","slug":"actualites","status":"publish","type":"page","link":"https:\/\/chairematernite.ca\/en\/","title":{"rendered":""},"content":{"rendered":"<h2 class=\"wp-block-heading\">MISSION &amp; OBJECTIVES<\/h2>\n\n\n\n<p>La <em>Chaire McConnell-Universit\u00e9 de Montr\u00e9al en recherche-cr\u00e9ation sur la r\u00e9appropriation de la maternit\u00e9\u00a0: lib\u00e9rer la parole et le corps des femmes <\/em>Led by professors Marie-Marthe Cousineau, Fran\u00e7ois-Joseph Lapointe and Vardit Ravitsky, the McConnell-UdeM Chair in Research-Creation on the Re-appropriation of Maternity is a project bringing together artists, researcher-creators, researchers and students who are interested in the contemporary issue of obstetric violence in a more general context of violence against women, as well as the re-appropriation of motherhood. Through artists\u2019 residencies, exhibitions and interdisciplinary research-creation meetings, the Chair wishes to bring an original perspective to the medical and ethical issues related to reproduction and maternity, including the stages of procreation, pregnancy, childbirth and breastfeeding.<\/p>\n\n\n\n<h2 class=\"wp-block-heading\">RESEARCH-CREATION RESIDENCIES<\/h2>\n\n\n\n<p class=\"translation-block\">Our artists in residence share the evolution of their research and their creations via a blog. <a href=\"https:\/\/chairematernite.ca\/en\/artistes-en-residence\/\" target=\"_self\">Follow the progress of their projects:<\/a><\/p>\n\n\n\n<div style=\"height:63px\" aria-hidden=\"true\" class=\"wp-block-spacer\"><\/div>\n\n\n\n<div class=\"wp-block-columns is-layout-flex wp-container-core-columns-is-layout-9d6595d7 wp-block-columns-is-layout-flex\">\n<div class=\"wp-block-column is-layout-flow wp-block-column-is-layout-flow\" style=\"flex-basis:33.34%\">\n<h2 class=\"has-text-align-center wp-block-heading\"><a href=\"https:\/\/chairematernite.ca\/en\/heidi-barkun\/\">Heidi Barkun<\/a><\/h2>\n\n\n\n<div style=\"height:26px\" aria-hidden=\"true\" class=\"wp-block-spacer\"><\/div>\n\n\n\n<figure class=\"wp-block-image size-large\"><a href=\"https:\/\/chairematernite.ca\/en\/heidi-barkun\/\"><img loading=\"lazy\" decoding=\"async\" width=\"1015\" height=\"1024\" src=\"https:\/\/chairematernite.ca\/wp-content\/uploads\/2021\/02\/20210217_211604-1015x1024.jpg\" alt=\"\" class=\"wp-image-792\" srcset=\"https:\/\/chairematernite.ca\/wp-content\/uploads\/2021\/02\/20210217_211604-1015x1024.jpg 1015w, https:\/\/chairematernite.ca\/wp-content\/uploads\/2021\/02\/20210217_211604-297x300.jpg 297w, https:\/\/chairematernite.ca\/wp-content\/uploads\/2021\/02\/20210217_211604-150x150.jpg 150w, https:\/\/chairematernite.ca\/wp-content\/uploads\/2021\/02\/20210217_211604-768x775.jpg 768w, https:\/\/chairematernite.ca\/wp-content\/uploads\/2021\/02\/20210217_211604-1522x1536.jpg 1522w, https:\/\/chairematernite.ca\/wp-content\/uploads\/2021\/02\/20210217_211604-2029x2048.jpg 2029w, https:\/\/chairematernite.ca\/wp-content\/uploads\/2021\/02\/20210217_211604-100x100.jpg 100w\" sizes=\"auto, (max-width: 706px) 89vw, (max-width: 767px) 82vw, 740px\" \/><\/a><\/figure>\n<\/div>\n\n\n\n<div class=\"wp-block-column is-layout-flow wp-block-column-is-layout-flow\" style=\"flex-basis:33.34%\">\n<h2 class=\"has-text-align-center wp-block-heading\"><a href=\"https:\/\/chairematernite.ca\/en\/caroline-boileau\/\">Caroline Boileau<\/a><\/h2>\n\n\n\n<figure class=\"wp-block-image size-large\"><a href=\"https:\/\/chairematernite.ca\/en\/caroline-boileau\/\"><img loading=\"lazy\" decoding=\"async\" width=\"1024\" height=\"1024\" src=\"https:\/\/chairematernite.ca\/wp-content\/uploads\/2021\/01\/uterus_web-1024x1024.jpg\" alt=\"\" class=\"wp-image-694\" srcset=\"https:\/\/chairematernite.ca\/wp-content\/uploads\/2021\/01\/uterus_web.jpg 1024w, https:\/\/chairematernite.ca\/wp-content\/uploads\/2021\/01\/uterus_web-300x300.jpg 300w, https:\/\/chairematernite.ca\/wp-content\/uploads\/2021\/01\/uterus_web-150x150.jpg 150w, https:\/\/chairematernite.ca\/wp-content\/uploads\/2021\/01\/uterus_web-768x768.jpg 768w, https:\/\/chairematernite.ca\/wp-content\/uploads\/2021\/01\/uterus_web-100x100.jpg 100w\" sizes=\"auto, (max-width: 706px) 89vw, (max-width: 767px) 82vw, 740px\" \/><\/a><\/figure>\n<\/div>\n\n\n\n<div class=\"wp-block-column is-layout-flow wp-block-column-is-layout-flow\" style=\"flex-basis:33.33%\">\n<h2 class=\"has-text-align-center wp-block-heading\"><a href=\"https:\/\/chairematernite.ca\/en\/kimberley-de-jong\/\">Kimberley de Jong<\/a><\/h2>\n\n\n\n<figure class=\"wp-block-image size-large\"><a href=\"https:\/\/chairematernite.ca\/en\/kimberley-de-jong\/\"><img loading=\"lazy\" decoding=\"async\" width=\"1024\" height=\"1024\" src=\"https:\/\/chairematernite.ca\/wp-content\/uploads\/2021\/02\/83FEC910-C13E-49AA-A739-01CA65E62E8E-1024x1024-1-1024x1024.jpg\" alt=\"\" class=\"wp-image-759\" srcset=\"https:\/\/chairematernite.ca\/wp-content\/uploads\/2021\/02\/83FEC910-C13E-49AA-A739-01CA65E62E8E-1024x1024-1.jpg 1024w, https:\/\/chairematernite.ca\/wp-content\/uploads\/2021\/02\/83FEC910-C13E-49AA-A739-01CA65E62E8E-1024x1024-1-300x300.jpg 300w, https:\/\/chairematernite.ca\/wp-content\/uploads\/2021\/02\/83FEC910-C13E-49AA-A739-01CA65E62E8E-1024x1024-1-150x150.jpg 150w, https:\/\/chairematernite.ca\/wp-content\/uploads\/2021\/02\/83FEC910-C13E-49AA-A739-01CA65E62E8E-1024x1024-1-768x768.jpg 768w, https:\/\/chairematernite.ca\/wp-content\/uploads\/2021\/02\/83FEC910-C13E-49AA-A739-01CA65E62E8E-1024x1024-1-100x100.jpg 100w\" sizes=\"auto, (max-width: 706px) 89vw, (max-width: 767px) 82vw, 740px\" \/><\/a><\/figure>\n<\/div>\n<\/div>\n\n\n\n<div style=\"height:40px\" aria-hidden=\"true\" class=\"wp-block-spacer\"><\/div>\n\n\n\n<p><\/p>\n\n\n\n<p><\/p>\n\n\n\n<p><\/p>\n\n\n\n<p><\/p>\n\n\n\n<p><\/p>\n\n\n\n<p><\/p>","protected":false},"excerpt":{"rendered":"<p>MISSION La Chaire McConnell-Universit\u00e9 de Montr\u00e9al en recherche-cr\u00e9ation sur la r\u00e9appropriation de la maternit\u00e9\u00a0: lib\u00e9rer la parole et le corps des femmes est un projet men\u00e9 par les professeur.e.s Marie-Marthe Cousineau, Fran\u00e7ois-Joseph Lapointe et Vardit Ravitsky. Artistes, chercheur.e.s-cr\u00e9ateurs.trices, chercheur.e.s et \u00e9tudiant.e.s s\u2019y int\u00e9ressent \u00e0 la probl\u00e9matique contemporaine des violences obst\u00e9tricales dans un contexte plus g\u00e9n\u00e9ral &hellip; <\/p>\n<p class=\"link-more\"><a href=\"https:\/\/chairematernite.ca\/en\/\" class=\"more-link\">Continue reading<span class=\"screen-reader-text\"> \u00ab\u00a0\u00a0\u00bb<\/span><\/a><\/p>","protected":false},"author":1,"featured_media":0,"parent":0,"menu_order":0,"comment_status":"closed","ping_status":"closed","template":"","meta":{"footnotes":""},"class_list":["post-37","page","type-page","status-publish","hentry"],"_links":{"self":[{"href":"https:\/\/chairematernite.ca\/en\/wp-json\/wp\/v2\/pages\/37","targetHints":{"allow":["GET"]}}],"collection":[{"href":"https:\/\/chairematernite.ca\/en\/wp-json\/wp\/v2\/pages"}],"about":[{"href":"https:\/\/chairematernite.ca\/en\/wp-json\/wp\/v2\/types\/page"}],"author":[{"embeddable":true,"href":"https:\/\/chairematernite.ca\/en\/wp-json\/wp\/v2\/users\/1"}],"replies":[{"embeddable":true,"href":"https:\/\/chairematernite.ca\/en\/wp-json\/wp\/v2\/comments?post=37"}],"version-history":[{"count":83,"href":"https:\/\/chairematernite.ca\/en\/wp-json\/wp\/v2\/pages\/37\/revisions"}],"predecessor-version":[{"id":840,"href":"https:\/\/chairematernite.ca\/en\/wp-json\/wp\/v2\/pages\/37\/revisions\/840"}],"wp:attachment":[{"href":"https:\/\/chairematernite.ca\/en\/wp-json\/wp\/v2\/media?parent=37"}],"curies":[{"name":"wp","href":"https:\/\/api.w.org\/{rel}","templated":true}]}}