{"id":941,"date":"2021-04-30T14:31:43","date_gmt":"2021-04-30T14:31:43","guid":{"rendered":"https:\/\/chairematernite.ca\/?page_id=941"},"modified":"2023-04-27T10:45:58","modified_gmt":"2023-04-27T10:45:58","slug":"hermione-wiltshire","status":"publish","type":"page","link":"https:\/\/chairematernite.ca\/en\/hermione-wiltshire\/","title":{"rendered":"Research-creation || Hermione Wiltshire"},"content":{"rendered":"<h2 class=\"wp-block-heading\">Actions for Knowledge Repair<\/h2>\n\n\n\n<p>Les pratiques de reproduction sexu\u00e9e sont historiquement des domaines de connaissances contest\u00e9es entre autoris\u00e9es et non autoris\u00e9es, l\u00e9gales et ill\u00e9gales ou m\u00e9dicales et non m\u00e9dicales. Les femmes ont des organes reproducteurs mais, du \u00ab ventre errant \u00bb de Platon \u00e0 l&rsquo;\u00e9largissement fictif du bassin des femmes par l&rsquo;anatomiste masculin, les hommes ont proclam\u00e9 la connaissance du corps des femmes. Les exemples sont nombreux \u2013 s&rsquo;allonger sur le dos pendant l\u2019accouchement ferme le canal de naissance jusqu&rsquo;\u00e0 30%, ce qui peut ralentir le travail et causer plus de douleur, mais c&rsquo;\u00e9tait encore une pratique courante en Europe jusqu&rsquo;\u00e0 r\u00e9cemment.<\/p>\n\n\n\n<p>En tant que recherche pour une commission pour la collecte des rites de naissance en 2007, j&rsquo;ai pu rendre visite au vice-pr\u00e9sident principal sortant du \u00ab&nbsp;Royal College of Obstetricians and Gynaecologists \u00bb \u00e0 Londres au Royaume-Uni, un obst\u00e9tricien appel\u00e9 Dr Jim Dornan. Son bureau se trouvait dans un bel immeuble ancien pr\u00e8s de Regent Park et le d\u00e9cor grandiose signalait un lieu important qui \u00e9voquait la connaissance et le pouvoir. Hors de caract\u00e8re avec son environnement, sa mani\u00e8re \u00e9tait joviale.<\/p>\n\n\n\n<p>J&rsquo;\u00e9tais venue en savoir plus sur les \u00e9pisiotomies &#8211; une coupure chirurgicale pour agrandir la circonf\u00e9rence p\u00e9rin\u00e9ale pendant l&rsquo;accouchement. Je voulais savoir quand ils sont n\u00e9cessaires, les avantages et le processus de gu\u00e9rison. La conversation a \u00e9t\u00e9 \u00e9tonnamment anim\u00e9e alors qu&rsquo;il m&rsquo;expliquait les nombreuses naissances auxquelles il avait assist\u00e9 o\u00f9 des \u00e9pisiotomies \u00e9taient pratiqu\u00e9es. Pour souligner la n\u00e9cessit\u00e9 de cette op\u00e9ration, il a racont\u00e9 comment, lors de certaines des naissances auxquelles il avait assist\u00e9, la peau du p\u00e9rin\u00e9e de la femme accouchant avait \u00ab explos\u00e9 \u00bb. Il m&rsquo;a m\u00eame dessin\u00e9 un sch\u00e9ma rapide de cette sc\u00e8ne sur papier.<\/p>\n\n\n\n<p>Il appr\u00e9ciait clairement la conversation et continuait d&rsquo;expliquer comment, telle \u00e9tait son exp\u00e9rience et ses connaissances que, si une femme franchissait la porte de son (grand) bureau, il pouvait dire la taille de son p\u00e9rin\u00e9e en regardant sa bouche.<\/p>\n\n\n\n<p>Il \u00e9tait convaincu que son poste d&rsquo;obst\u00e9tricien signifiait qu&rsquo;il savait quand une \u00e9pisiotomie \u00e9tait n\u00e9cessaire. En effet, il \u00e9tait un obst\u00e9tricien c\u00e9l\u00e8bre travaillant dans le domaine de la sant\u00e9 des femmes en Irlande et dans le monde, en particulier, dans les zones o\u00f9 l&rsquo;acc\u00e8s aux soins m\u00e9dicaux est limit\u00e9. L&rsquo;ironie \u00e9tait que lui-m\u00eame d\u00e9plorait le chauvinisme flagrant de sa profession. Mais en plus de cela, le plaisir qu&rsquo;il a montr\u00e9 \u00e0 me raconter ses exp\u00e9riences (une femme plus jeune sans lien avec sa profession) m&rsquo;a amen\u00e9 \u00e0 me demander pourquoi il se vantait aupr\u00e8s de moi de sa connaissance du corps des femmes ?<\/p>\n\n\n\n<p>\u00ab&nbsp;Actions for Knowledge Repair&nbsp;\u00bb vise \u00e0 aborder les multiples aspects, politiques, culturels, physiologiques et psychologiques dans le domaine des soins de sant\u00e9 reproductive qui ont grand besoin d&rsquo;am\u00e9lioration.<\/p>\n\n\n\n<p>\u00ab&nbsp;Actions for Knowledge Repair&nbsp;\u00bb cartographiera mes propres exp\u00e9riences de conception, de grossesse, de naissance et de p\u00e9riodes postnatales. \u00c0 chaque \u00e9tape, des incidents se produisaient qui perturbaient un continuum, brisaient une structure et pouvaient \u00eatre consid\u00e9r\u00e9s comme des perturbations mineures mais violentes avec des cons\u00e9quences importantes \u2013 rupture du condom, fissuration d&rsquo;une dent, c\u00e9sarienne d&rsquo;urgence, mastite. Ces incidents sont, en termes de sant\u00e9 publique, peu significatifs, mais en priv\u00e9, surtout s&rsquo;ils ne sont pas reconnus, gigantesques. S&rsquo;ils sont partag\u00e9s, enregistr\u00e9s et trait\u00e9s, il y a une occasion de gu\u00e9rir et, surtout, d&rsquo;apprendre. Si chaque petit \u00e9v\u00e9nement est port\u00e9 en priv\u00e9, plut\u00f4t que d&rsquo;\u00eatre parl\u00e9, partag\u00e9 et cartographi\u00e9 comme un savoir, les besoins des femmes ne peuvent pas \u00eatre r\u00e9inject\u00e9s dans la pratique pour am\u00e9liorer les politiques et les soins. \u00ab&nbsp;Actions for Knowledge Repair&nbsp;\u00bb auditera et mat\u00e9rialisera ces petites mais violentes perturbations du corps, de la psych\u00e9 et de la dur\u00e9e de notre vie.<\/p>\n\n\n\n<p><\/p>\n\n\n\n<figure class=\"wp-block-image size-large\"><img loading=\"lazy\" decoding=\"async\" width=\"768\" height=\"1024\" src=\"https:\/\/chairematernite.ca\/wp-content\/uploads\/2023\/03\/Dr.-Jim-Dornans-drawing-768x1024.jpg\" alt=\"\" class=\"wp-image-1074\" srcset=\"https:\/\/chairematernite.ca\/wp-content\/uploads\/2023\/03\/Dr.-Jim-Dornans-drawing-768x1024.jpg 768w, https:\/\/chairematernite.ca\/wp-content\/uploads\/2023\/03\/Dr.-Jim-Dornans-drawing-225x300.jpg 225w, https:\/\/chairematernite.ca\/wp-content\/uploads\/2023\/03\/Dr.-Jim-Dornans-drawing-1152x1536.jpg 1152w, https:\/\/chairematernite.ca\/wp-content\/uploads\/2023\/03\/Dr.-Jim-Dornans-drawing-1536x2048.jpg 1536w, https:\/\/chairematernite.ca\/wp-content\/uploads\/2023\/03\/Dr.-Jim-Dornans-drawing-9x12.jpg 9w, https:\/\/chairematernite.ca\/wp-content\/uploads\/2023\/03\/Dr.-Jim-Dornans-drawing-scaled.jpg 1920w\" sizes=\"auto, (max-width: 706px) 89vw, (max-width: 767px) 82vw, 740px\" \/><figcaption>Dessin du Dr Jim Dornan repr\u00e9sentant les multiples d\u00e9chirures du p\u00e9rin\u00e9e d&rsquo;une femme pendant l&rsquo;accouchement.<br>Dr Jim Dornan&rsquo;s drawing depicting multiple tears in a woman&rsquo;s perneum during birth.<\/figcaption><\/figure>\n\n\n\n<figure class=\"wp-block-video\"><video height=\"720\" style=\"aspect-ratio: 1280 \/ 720;\" width=\"1280\" controls src=\"https:\/\/chairematernite.ca\/wp-content\/uploads\/2023\/03\/IssyMiyakeMaternityMend.mov\"><\/video><figcaption>My maternity wear was super stretchy Issey Miyake.<\/figcaption><\/figure>\n\n\n<p>After months of preparations including regular ante natal classes and daily yoga, I planned a normal delivery at home in a pool of warm water. When a midwife arrived onsite and examined me vaginally, (is this obstetric violence?) she explained she had her fingers on the baby\u2019s bottom and not her head as expected.\u00a0 It turned out that our first daughter was in an undiagnosed frank breech position instead of head first presentation. The midwife told me to stop pushing and phone emergency services.\u00a0 I was already in labour and several centimetres dilated but managed to walk down 4 floors pausing on the stairs for waves of contractions.\u00a0 In the ambulance, I rode on my hands and knees on the bed to the hospital, where I was examined in the same position by a consultant.\u00a0 He then gave us a stark choice of a 1% chance of damage to our baby if we proceeded with a vaginal delivery or, opt for caesarean. \u00a0<\/p>\n<p>I was angry that the midwives who examined me regularly though out the pregnancy had not observed her position but at this stage felt we had no choice but to agree to a caesarean section. An epidural followed \u2013 a large needle directly into my spine \u2013 \u2018Don\u2019t Move!\u2019 they said and soon tapping me to check if the anaesthetic was working. In the operating theatre, a green screen was erected over my abdomen. My partner insisted on standing to watch the surgeon cut open my stomach wall (and layers of fat he reminds me) to extract our breech baby. She looked sleepy but surprised. Her umbilical cord was cut quickly (jolting her into breathing as the oxygen supply is abruptly cut off). They sewed up the cut with a metal staple which was shot through the wound at speed \u2013 a bobble of metal on each end to keep it in place.\u00a0 Later, when it came to removing the metal equivalent of stiches, they warned me of a sharped sting like a paper cut \u2013 the feeling of metal against skin. Although the layers of skin eventually joined back together leaving a darkened line, the muscle structure of my stomach still retains the shape of the cut, obvious in profile.<\/p>\n<p>We took Mei to cranial therapy to support the fact that her nervous system had not been stimulated by squeezing through my vaginal canal. I often wonder how it has affected her throughout her whole life.<\/p>\n<p>Caesareans save lives but healing must take place on multiple levels \u2013 physiological, psychological and emotional (I was angry for over 2 years).\u00a0 The cells weaved together and reproduced. Does it affect her and me energetically, on deeper levels?<\/p>","protected":false},"excerpt":{"rendered":"<p>Actions for Knowledge Repair Les pratiques de reproduction sexu\u00e9e sont historiquement des domaines de connaissances contest\u00e9es entre autoris\u00e9es et non autoris\u00e9es, l\u00e9gales et ill\u00e9gales ou m\u00e9dicales et non m\u00e9dicales. Les femmes ont des organes reproducteurs mais, du \u00ab ventre errant \u00bb de Platon \u00e0 l&rsquo;\u00e9largissement fictif du bassin des femmes par l&rsquo;anatomiste masculin, les hommes &hellip; <\/p>\n<p class=\"link-more\"><a href=\"https:\/\/chairematernite.ca\/en\/hermione-wiltshire\/\" class=\"more-link\">Continue reading<span class=\"screen-reader-text\"> \u00ab\u00a0Recherche-cr\u00e9ation || Hermione Wiltshire\u00a0\u00bb<\/span><\/a><\/p>","protected":false},"author":3,"featured_media":0,"parent":0,"menu_order":0,"comment_status":"closed","ping_status":"closed","template":"","meta":{"footnotes":""},"class_list":["post-941","page","type-page","status-publish","hentry"],"_links":{"self":[{"href":"https:\/\/chairematernite.ca\/en\/wp-json\/wp\/v2\/pages\/941","targetHints":{"allow":["GET"]}}],"collection":[{"href":"https:\/\/chairematernite.ca\/en\/wp-json\/wp\/v2\/pages"}],"about":[{"href":"https:\/\/chairematernite.ca\/en\/wp-json\/wp\/v2\/types\/page"}],"author":[{"embeddable":true,"href":"https:\/\/chairematernite.ca\/en\/wp-json\/wp\/v2\/users\/3"}],"replies":[{"embeddable":true,"href":"https:\/\/chairematernite.ca\/en\/wp-json\/wp\/v2\/comments?post=941"}],"version-history":[{"count":5,"href":"https:\/\/chairematernite.ca\/en\/wp-json\/wp\/v2\/pages\/941\/revisions"}],"predecessor-version":[{"id":1079,"href":"https:\/\/chairematernite.ca\/en\/wp-json\/wp\/v2\/pages\/941\/revisions\/1079"}],"wp:attachment":[{"href":"https:\/\/chairematernite.ca\/en\/wp-json\/wp\/v2\/media?parent=941"}],"curies":[{"name":"wp","href":"https:\/\/api.w.org\/{rel}","templated":true}]}}